{"id":144,"date":"2024-01-15T10:22:53","date_gmt":"2024-01-15T09:22:53","guid":{"rendered":"https:\/\/petitbomal.be\/?page_id=144"},"modified":"2025-10-16T07:27:42","modified_gmt":"2025-10-16T05:27:42","slug":"dormir","status":"publish","type":"page","link":"https:\/\/petitbomal.be\/index.php\/dormir\/","title":{"rendered":"Dormir"},"content":{"rendered":"\t\t<div data-elementor-type=\"wp-page\" data-elementor-id=\"144\" class=\"elementor elementor-144\" data-elementor-post-type=\"page\">\n\t\t\t\t<div class=\"elementor-element elementor-element-6f6a708f e-con-full e-flex e-con e-parent\" data-id=\"6f6a708f\" data-element_type=\"container\" data-settings=\"{&quot;background_background&quot;:&quot;slideshow&quot;,&quot;background_slideshow_gallery&quot;:[{&quot;id&quot;:2561,&quot;url&quot;:&quot;http:\\\/\\\/petitbomal.be\\\/wp-content\\\/uploads\\\/2024\\\/09\\\/Capture-decran-2024-09-20-a-13.14.07.png&quot;},{&quot;id&quot;:55,&quot;url&quot;:&quot;http:\\\/\\\/petitbomal.be\\\/wp-content\\\/uploads\\\/2024\\\/01\\\/cropped-Lanterne-scaled-1.jpg&quot;},{&quot;id&quot;:597,&quot;url&quot;:&quot;http:\\\/\\\/petitbomal.be\\\/wp-content\\\/uploads\\\/2024\\\/01\\\/GC_Tiny_006-scaled.jpg&quot;},{&quot;id&quot;:2562,&quot;url&quot;:&quot;http:\\\/\\\/petitbomal.be\\\/wp-content\\\/uploads\\\/2024\\\/09\\\/Capture-decran-2024-09-20-a-13.13.45.png&quot;},{&quot;id&quot;:2563,&quot;url&quot;:&quot;http:\\\/\\\/petitbomal.be\\\/wp-content\\\/uploads\\\/2024\\\/09\\\/Capture-decran-2024-09-20-a-13.13.32.png&quot;}],&quot;background_slideshow_loop&quot;:&quot;yes&quot;,&quot;background_slideshow_slide_duration&quot;:5000,&quot;background_slideshow_slide_transition&quot;:&quot;fade&quot;,&quot;background_slideshow_transition_duration&quot;:500}\">\n\t\t\t\t<\/div>\n\t\t<div class=\"elementor-element elementor-element-5e32969a e-flex e-con-boxed e-con e-parent\" data-id=\"5e32969a\" data-element_type=\"container\" data-settings=\"{&quot;background_background&quot;:&quot;classic&quot;}\">\n\t\t\t\t\t<div class=\"e-con-inner\">\n\t\t\t\t\t<\/div>\n\t\t\t\t<\/div>\n\t\t<div class=\"elementor-element elementor-element-7d0f0cae e-flex e-con-boxed e-con e-parent\" data-id=\"7d0f0cae\" data-element_type=\"container\" data-settings=\"{&quot;background_background&quot;:&quot;classic&quot;}\">\n\t\t\t\t\t<div class=\"e-con-inner\">\n\t\t<div class=\"elementor-element elementor-element-6a74cc39 e-con-full e-flex e-con e-child\" data-id=\"6a74cc39\" data-element_type=\"container\">\n\t\t\t\t<div class=\"elementor-element elementor-element-27aa9e20 elementor-cta--skin-cover elementor-animated-content elementor-bg-transform elementor-bg-transform-zoom-in elementor-widget elementor-widget-call-to-action\" data-id=\"27aa9e20\" data-element_type=\"widget\" data-widget_type=\"call-to-action.default\">\n\t\t\t\t<div class=\"elementor-widget-container\">\n\t\t\t\t\t\t\t<div class=\"elementor-cta\">\n\t\t\t\t\t<div class=\"elementor-cta__bg-wrapper\">\n\t\t\t\t<div class=\"elementor-cta__bg elementor-bg\" style=\"background-image: url(https:\/\/petitbomal.be\/wp-content\/uploads\/2024\/01\/GC_PetitBomal_103-768x512.jpg);\" role=\"img\" aria-label=\"GC_PetitBomal_103\"><\/div>\n\t\t\t\t<div class=\"elementor-cta__bg-overlay\"><\/div>\n\t\t\t<\/div>\n\t\t\t\t\t\t\t<div class=\"elementor-cta__content\">\n\t\t\t\t\n\t\t\t\t\n\t\t\t\t\n\t\t\t\t\t\t\t\t\t<div class=\"elementor-cta__button-wrapper elementor-cta__content-item elementor-content-item elementor-animated-item--grow\">\n\t\t\t\t\t<a class=\"elementor-cta__button elementor-button elementor-size-\" href=\"https:\/\/petitbomal.be\/index.php\/la-cabane\/\">\n\t\t\t\t\t\tLa Cabane\t\t\t\t\t<\/a>\n\t\t\t\t\t<\/div>\n\t\t\t\t\t\t\t<\/div>\n\t\t\t\t\t\t<\/div>\n\t\t\t\t\t\t<\/div>\n\t\t\t\t<\/div>\n\t\t\t\t<div class=\"elementor-element elementor-element-14673450 elementor-align-center elementor-widget elementor-widget-button\" data-id=\"14673450\" data-element_type=\"widget\" data-widget_type=\"button.default\">\n\t\t\t\t<div class=\"elementor-widget-container\">\n\t\t\t\t\t\t\t\t\t<div class=\"elementor-button-wrapper\">\n\t\t\t\t\t<a class=\"elementor-button elementor-button-link elementor-size-sm\" href=\"http:\/\/www.lescabanesdepetitbomal.be\">\n\t\t\t\t\t\t<span class=\"elementor-button-content-wrapper\">\n\t\t\t\t\t\t\t\t\t<span class=\"elementor-button-text\">Je r\u00e9serve<\/span>\n\t\t\t\t\t<\/span>\n\t\t\t\t\t<\/a>\n\t\t\t\t<\/div>\n\t\t\t\t\t\t\t\t<\/div>\n\t\t\t\t<\/div>\n\t\t\t\t<\/div>\n\t\t<div class=\"elementor-element elementor-element-66df0525 e-con-full e-flex e-con e-child\" data-id=\"66df0525\" data-element_type=\"container\">\n\t\t\t\t<div class=\"elementor-element elementor-element-66ea0829 elementor-cta--skin-cover elementor-animated-content elementor-bg-transform elementor-bg-transform-zoom-in elementor-widget elementor-widget-call-to-action\" data-id=\"66ea0829\" data-element_type=\"widget\" data-widget_type=\"call-to-action.default\">\n\t\t\t\t<div class=\"elementor-widget-container\">\n\t\t\t\t\t\t\t<div class=\"elementor-cta\">\n\t\t\t\t\t<div class=\"elementor-cta__bg-wrapper\">\n\t\t\t\t<div class=\"elementor-cta__bg elementor-bg\" style=\"background-image: url(https:\/\/petitbomal.be\/wp-content\/uploads\/2024\/02\/\u00a9GC-Bomal-001-768x512.jpg);\" role=\"img\" aria-label=\"\u00a9GC-Bomal-001\"><\/div>\n\t\t\t\t<div class=\"elementor-cta__bg-overlay\"><\/div>\n\t\t\t<\/div>\n\t\t\t\t\t\t\t<div class=\"elementor-cta__content\">\n\t\t\t\t\n\t\t\t\t\n\t\t\t\t\n\t\t\t\t\t\t\t\t\t<div class=\"elementor-cta__button-wrapper elementor-cta__content-item elementor-content-item elementor-animated-item--grow\">\n\t\t\t\t\t<a class=\"elementor-cta__button elementor-button elementor-size-\" href=\"https:\/\/petitbomal.be\/index.php\/les-suites\/\">\n\t\t\t\t\t\tLes Suites\t\t\t\t\t<\/a>\n\t\t\t\t\t<\/div>\n\t\t\t\t\t\t\t<\/div>\n\t\t\t\t\t\t<\/div>\n\t\t\t\t\t\t<\/div>\n\t\t\t\t<\/div>\n\t\t\t\t<div class=\"elementor-element elementor-element-2bfdf0a8 elementor-align-center elementor-widget elementor-widget-button\" data-id=\"2bfdf0a8\" data-element_type=\"widget\" data-widget_type=\"button.default\">\n\t\t\t\t<div class=\"elementor-widget-container\">\n\t\t\t\t\t\t\t\t\t<div class=\"elementor-button-wrapper\">\n\t\t\t\t\t<a class=\"elementor-button elementor-button-link elementor-size-sm\" href=\"http:\/\/www.lessuitesdepetitbomal.be\">\n\t\t\t\t\t\t<span class=\"elementor-button-content-wrapper\">\n\t\t\t\t\t\t\t\t\t<span class=\"elementor-button-text\">Je r\u00e9serve<\/span>\n\t\t\t\t\t<\/span>\n\t\t\t\t\t<\/a>\n\t\t\t\t<\/div>\n\t\t\t\t\t\t\t\t<\/div>\n\t\t\t\t<\/div>\n\t\t\t\t<\/div>\n\t\t\t\t\t<\/div>\n\t\t\t\t<\/div>\n\t\t<div class=\"elementor-element elementor-element-0fca15c e-grid e-con-boxed e-con e-parent\" data-id=\"0fca15c\" data-element_type=\"container\" data-settings=\"{&quot;background_background&quot;:&quot;classic&quot;}\">\n\t\t\t\t\t<div class=\"e-con-inner\">\n\t\t\t\t<div class=\"elementor-element elementor-element-945625d elementor-cta--skin-cover elementor-animated-content elementor-bg-transform elementor-bg-transform-zoom-in elementor-widget elementor-widget-call-to-action\" data-id=\"945625d\" data-element_type=\"widget\" data-widget_type=\"call-to-action.default\">\n\t\t\t\t<div class=\"elementor-widget-container\">\n\t\t\t\t\t\t\t<a class=\"elementor-cta\" href=\"https:\/\/petitbomal.be\/index.php\/cartes-cadeaux\/\">\n\t\t\t\t\t<div class=\"elementor-cta__bg-wrapper\">\n\t\t\t\t<div class=\"elementor-cta__bg elementor-bg\" style=\"background-image: url(https:\/\/petitbomal.be\/wp-content\/uploads\/2024\/09\/Capture-decran-2024-09-20-a-13.16.27-768x576.png);\" role=\"img\" aria-label=\"Capture d\u2019e\u0301cran 2024-09-20 a\u0300 13.16.27\"><\/div>\n\t\t\t\t<div class=\"elementor-cta__bg-overlay\"><\/div>\n\t\t\t<\/div>\n\t\t\t\t\t\t\t<div class=\"elementor-cta__content\">\n\t\t\t\t\n\t\t\t\t\t\t\t\t\t<h2 class=\"elementor-cta__title elementor-cta__content-item elementor-content-item elementor-animated-item--grow\">\n\t\t\t\t\t\tOffrez une nuit de r\u00eave\t\t\t\t\t<\/h2>\n\t\t\t\t\n\t\t\t\t\n\t\t\t\t\t\t\t\t\t<div class=\"elementor-cta__button-wrapper elementor-cta__content-item elementor-content-item elementor-animated-item--grow\">\n\t\t\t\t\t<span class=\"elementor-cta__button elementor-button elementor-size-\">\n\t\t\t\t\t\tCartes-cadeaux\t\t\t\t\t<\/span>\n\t\t\t\t\t<\/div>\n\t\t\t\t\t\t\t<\/div>\n\t\t\t\t\t\t<\/a>\n\t\t\t\t\t\t<\/div>\n\t\t\t\t<\/div>\n\t\t\t\t\t<\/div>\n\t\t\t\t<\/div>\n\t\t<div class=\"elementor-element elementor-element-3b54b21 e-flex e-con-boxed e-con e-parent\" data-id=\"3b54b21\" data-element_type=\"container\" data-settings=\"{&quot;background_background&quot;:&quot;classic&quot;}\">\n\t\t\t\t\t<div class=\"e-con-inner\">\n\t\t\t\t<div class=\"elementor-element elementor-element-23c3645 elementor-widget elementor-widget-heading\" data-id=\"23c3645\" data-element_type=\"widget\" data-widget_type=\"heading.default\">\n\t\t\t\t<div class=\"elementor-widget-container\">\n\t\t\t\t\t<h2 class=\"elementor-heading-title elementor-size-default\">cartes cadeaux<\/h2>\t\t\t\t<\/div>\n\t\t\t\t<\/div>\n\t\t\t\t\t<\/div>\n\t\t\t\t<\/div>\n\t\t<div class=\"elementor-element elementor-element-19d2ca8 e-flex e-con-boxed e-con e-parent\" data-id=\"19d2ca8\" data-element_type=\"container\" data-settings=\"{&quot;background_background&quot;:&quot;classic&quot;}\">\n\t\t\t\t\t<div class=\"e-con-inner\">\n\t\t<div class=\"elementor-element elementor-element-1acfac1 e-con-full e-flex e-con e-child\" data-id=\"1acfac1\" data-element_type=\"container\" data-settings=\"{&quot;background_background&quot;:&quot;classic&quot;}\">\n\t\t<div class=\"elementor-element elementor-element-b6a5b14 e-con-full e-flex e-con e-child\" data-id=\"b6a5b14\" data-element_type=\"container\">\n\t\t\t\t<div class=\"elementor-element elementor-element-f4dd56b elementor-widget elementor-widget-text-editor\" data-id=\"f4dd56b\" data-element_type=\"widget\" data-widget_type=\"text-editor.default\">\n\t\t\t\t<div class=\"elementor-widget-container\">\n\t\t\t\t\t\t\t\t\t<p><b>Offrez une escapade inoubliable \u00e0 la Ferme de Petit Bomal avec une carte cadeau exclusive \u00e0 utiliser sur nos sites de logements insolites !<\/b><\/p><p>Que ce soit pour c\u00e9l\u00e9brer un anniversaire, un anniversaire de mariage, ou simplement pour faire plaisir \u00e0 vos proches, notre carte cadeau est le choix parfait pour offrir des moments magiques et des souvenirs ind\u00e9l\u00e9biles.<\/p><p>Imaginez une nuit sous les \u00e9toiles dans une cabane en bord de rivi\u00e8re, un r\u00e9veil au milieu de la nature, ou une exp\u00e9rience unique dans une de nos suites tout confort&#8230;<\/p><p>Vous offrez non seulement une escapade, mais une exp\u00e9rience riche en \u00e9motions et en d\u00e9couvertes&#8230;<\/p>\t\t\t\t\t\t\t\t<\/div>\n\t\t\t\t<\/div>\n\t\t\t\t<\/div>\n\t\t<div class=\"elementor-element elementor-element-4a469a1 e-con-full e-flex e-con e-child\" data-id=\"4a469a1\" data-element_type=\"container\" data-settings=\"{&quot;background_background&quot;:&quot;classic&quot;}\">\n\t\t\t\t<div class=\"elementor-element elementor-element-a7de3e3 elementor-widget__width-inherit elementor-widget elementor-widget-shortcode\" data-id=\"a7de3e3\" data-element_type=\"widget\" data-widget_type=\"shortcode.default\">\n\t\t\t\t<div class=\"elementor-widget-container\">\n\t\t\t\t\t\t\t<div class=\"elementor-shortcode\"><div class=\"gift-up-target\" \r\n            data-site-id=\"9adacb84-caf9-40f3-e0dc-08dc390fb1f0\" \r\n            data-domain=\"\"\r\n            data-product-id=\"\"\r\n            data-group-id=\"\"\r\n            data-payment-methods=\"\"\r\n            data-language=\"\"\r\n            data-purchaser-name=\"\"\r\n            data-purchaser-email=\"\"\r\n            data-recipient-name=\"\"\r\n            data-recipient-email=\"\"\r\n            data-step=\"\"\r\n            data-who-for=\"\"\r\n            data-promo-code=\"\"\r\n            data-hide-artwork=\"\"\r\n            data-hide-groups=\"\"\r\n            data-hide-ungrouped-items=\"\"\r\n            data-hide-custom-value=\"\"\r\n            data-custom-value-amount=\"\"\r\n            data-referrer=\"\"\r\n            data-platform=\"Wordpress\"\r\n        ><\/div>\r\n        <script type=\"text\/javascript\">\r\n        (function (g, i, f, t, u, p, s) {\r\n            g[u] = g[u] || function() { (g[u].q = g[u].q || []).push(arguments) };\r\n            p = i.createElement(f);\r\n            p.async = 1;\r\n            p.src = t;\r\n            s = i.getElementsByTagName(f)[0];\r\n            s.parentNode.insertBefore(p, s);\r\n        })(window, document, 'script', 'https:\/\/cdn.giftup.app\/dist\/gift-up.js', 'giftup');\r\n        <\/script><\/div>\n\t\t\t\t\t\t<\/div>\n\t\t\t\t<\/div>\n\t\t\t\t<\/div>\n\t\t\t\t<\/div>\n\t\t\t\t\t<\/div>\n\t\t\t\t<\/div>\n\t\t\t\t<\/div>\n\t\t","protected":false},"excerpt":{"rendered":"<p>La Cabane Je r\u00e9serve Les Suites Je r\u00e9serve Offrez une nuit de r\u00eave Cartes-cadeaux cartes cadeaux Offrez une escapade inoubliable \u00e0 la Ferme de Petit Bomal avec une carte cadeau exclusive \u00e0 utiliser sur nos sites de logements insolites ! Que ce soit pour c\u00e9l\u00e9brer un anniversaire, un anniversaire de mariage, ou simplement pour faire [&hellip;]<\/p>\n","protected":false},"author":1,"featured_media":0,"parent":0,"menu_order":0,"comment_status":"closed","ping_status":"closed","template":"","meta":{"footnotes":""},"class_list":["post-144","page","type-page","status-publish","hentry"],"jetpack_sharing_enabled":true,"_links":{"self":[{"href":"https:\/\/petitbomal.be\/index.php\/wp-json\/wp\/v2\/pages\/144","targetHints":{"allow":["GET"]}}],"collection":[{"href":"https:\/\/petitbomal.be\/index.php\/wp-json\/wp\/v2\/pages"}],"about":[{"href":"https:\/\/petitbomal.be\/index.php\/wp-json\/wp\/v2\/types\/page"}],"author":[{"embeddable":true,"href":"https:\/\/petitbomal.be\/index.php\/wp-json\/wp\/v2\/users\/1"}],"replies":[{"embeddable":true,"href":"https:\/\/petitbomal.be\/index.php\/wp-json\/wp\/v2\/comments?post=144"}],"version-history":[{"count":42,"href":"https:\/\/petitbomal.be\/index.php\/wp-json\/wp\/v2\/pages\/144\/revisions"}],"predecessor-version":[{"id":2933,"href":"https:\/\/petitbomal.be\/index.php\/wp-json\/wp\/v2\/pages\/144\/revisions\/2933"}],"wp:attachment":[{"href":"https:\/\/petitbomal.be\/index.php\/wp-json\/wp\/v2\/media?parent=144"}],"curies":[{"name":"wp","href":"https:\/\/api.w.org\/{rel}","templated":true}]}}