{"id":2777,"date":"2025-06-13T06:59:13","date_gmt":"2025-06-13T04:59:13","guid":{"rendered":"https:\/\/petitbomal.be\/?page_id=2777"},"modified":"2025-06-13T13:36:40","modified_gmt":"2025-06-13T11:36:40","slug":"offre-demploi-ouvriere-agricole-polyvalent","status":"publish","type":"page","link":"https:\/\/petitbomal.be\/index.php\/offre-demploi-ouvriere-agricole-polyvalent\/","title":{"rendered":"Offre d&#8217;emploi: ouvrier(e) agricole polyvalent"},"content":{"rendered":"\t\t<div data-elementor-type=\"wp-page\" data-elementor-id=\"2777\" class=\"elementor elementor-2777\" data-elementor-post-type=\"page\">\n\t\t\t\t<div class=\"elementor-element elementor-element-31338eb e-flex e-con-boxed e-con e-parent\" data-id=\"31338eb\" data-element_type=\"container\" data-settings=\"{&quot;background_background&quot;:&quot;slideshow&quot;,&quot;background_slideshow_gallery&quot;:[{&quot;id&quot;:2779,&quot;url&quot;:&quot;http:\\\/\\\/petitbomal.be\\\/wp-content\\\/uploads\\\/2025\\\/06\\\/GC_FERME_210-scaled.jpg&quot;}],&quot;background_slideshow_loop&quot;:&quot;yes&quot;,&quot;background_slideshow_slide_duration&quot;:5000,&quot;background_slideshow_slide_transition&quot;:&quot;fade&quot;,&quot;background_slideshow_transition_duration&quot;:500}\">\n\t\t\t\t\t<div class=\"e-con-inner\">\n\t\t\t\t\t<\/div>\n\t\t\t\t<\/div>\n\t\t<div class=\"elementor-element elementor-element-undefined-8dbd2ce e-flex e-con-boxed e-con e-parent\" data-id=\"undefined-8dbd2ce\" data-element_type=\"container\">\n\t\t\t\t\t<div class=\"e-con-inner\">\n\t\t<div class=\"elementor-element elementor-element-undefined-0a5f218 e-flex e-con-boxed e-con e-child\" data-id=\"undefined-0a5f218\" data-element_type=\"container\">\n\t\t\t\t\t<div class=\"e-con-inner\">\n\t\t\t\t<div class=\"elementor-element elementor-element-undefined-c137b68 elementor-widget elementor-widget-heading\" data-id=\"undefined-c137b68\" data-element_type=\"widget\" data-widget_type=\"heading.default\">\n\t\t\t\t<div class=\"elementor-widget-container\">\n\t\t\t\t\t<h5 class=\"elementor-heading-title elementor-size-default\">rejoins l'\u00e9quipe d'une ferme agro-\u00e9cologique<\/h5>\t\t\t\t<\/div>\n\t\t\t\t<\/div>\n\t\t\t\t<div class=\"elementor-element elementor-element-undefined-b8bad8e elementor-widget elementor-widget-heading\" data-id=\"undefined-b8bad8e\" data-element_type=\"widget\" data-widget_type=\"heading.default\">\n\t\t\t\t<div class=\"elementor-widget-container\">\n\t\t\t\t\t<h2 class=\"elementor-heading-title elementor-size-default\">charg\u00e9(e) de projet agricole<\/h2>\t\t\t\t<\/div>\n\t\t\t\t<\/div>\n\t\t\t\t<div class=\"elementor-element elementor-element-de257bb elementor-widget elementor-widget-heading\" data-id=\"de257bb\" data-element_type=\"widget\" data-widget_type=\"heading.default\">\n\t\t\t\t<div class=\"elementor-widget-container\">\n\t\t\t\t\t<h5 class=\"elementor-heading-title elementor-size-default\">La Ferme de Petit-Bomal (Durbuy) ouvre ses portes \u00e0 une personne motiv\u00e9e pour participer \u00e0 un projet agricole vivant, diversifi\u00e9 et porteur de sens.\n\nNous cherchons un collaborateur ou une collaboratrice qui partage nos valeurs : respect du vivant, production locale, agro\u00e9cologie et pr\u00e9servation de la biodiversit\u00e9.<\/h5>\t\t\t\t<\/div>\n\t\t\t\t<\/div>\n\t\t\t\t\t<\/div>\n\t\t\t\t<\/div>\n\t\t\t\t\t<\/div>\n\t\t\t\t<\/div>\n\t\t<div class=\"elementor-element elementor-element-b69e2d4 e-flex e-con-boxed e-con e-parent\" data-id=\"b69e2d4\" data-element_type=\"container\">\n\t\t\t\t\t<div class=\"e-con-inner\">\n\t\t<div class=\"elementor-element elementor-element-894a87e e-flex e-con-boxed e-con e-child\" data-id=\"894a87e\" data-element_type=\"container\">\n\t\t\t\t\t<div class=\"e-con-inner\">\n\t\t\t\t<div class=\"elementor-element elementor-element-5678a39 elementor-widget elementor-widget-heading\" data-id=\"5678a39\" data-element_type=\"widget\" data-widget_type=\"heading.default\">\n\t\t\t\t<div class=\"elementor-widget-container\">\n\t\t\t\t\t<h5 class=\"elementor-heading-title elementor-size-default\">votre r\u00f4le<\/h5>\t\t\t\t<\/div>\n\t\t\t\t<\/div>\n\t\t\t\t<div class=\"elementor-element elementor-element-719c839 elementor-widget elementor-widget-text-editor\" data-id=\"719c839\" data-element_type=\"widget\" data-widget_type=\"text-editor.default\">\n\t\t\t\t<div class=\"elementor-widget-container\">\n\t\t\t\t\t\t\t\t\t<p>Au quotidien, vous participerez \u00e0 la vie de la ferme, avec des t\u00e2ches vari\u00e9es selon les saisons :<\/p><ul><li><p><strong>Mono-traite quotidienne<\/strong>\u00a0des vaches laiti\u00e8res Jersey (une traite par jour le matin), dans une logique de bien-\u00eatre animal et de respect du rythme naturel.<\/p><\/li><li><p>Gestion quotidienne des poules pondeuses (nourrissage, ramassage des \u0153ufs, hygi\u00e8ne).<\/p><\/li><li><p>Travaux agricoles diversifi\u00e9s selon la saison : entretien des prairies, plantations, gestion des pr\u00e9-vergers, mara\u00eechage, cl\u00f4tures, petits am\u00e9nagements.<\/p><\/li><\/ul><p><strong>L\u2019exp\u00e9rience n\u2019est pas un pr\u00e9requis.<\/strong><br \/>Nous privil\u00e9gions l\u2019envie d\u2019apprendre, la motivation et le go\u00fbt du travail bien fait. La formation est assur\u00e9e sur place.<\/p>\t\t\t\t\t\t\t\t<\/div>\n\t\t\t\t<\/div>\n\t\t\t\t<div class=\"elementor-element elementor-element-7f54df7 elementor-widget elementor-widget-heading\" data-id=\"7f54df7\" data-element_type=\"widget\" data-widget_type=\"heading.default\">\n\t\t\t\t<div class=\"elementor-widget-container\">\n\t\t\t\t\t<h5 class=\"elementor-heading-title elementor-size-default\">Votre profil<\/h5>\t\t\t\t<\/div>\n\t\t\t\t<\/div>\n\t\t\t\t<div class=\"elementor-element elementor-element-340891f elementor-widget elementor-widget-text-editor\" data-id=\"340891f\" data-element_type=\"widget\" data-widget_type=\"text-editor.default\">\n\t\t\t\t<div class=\"elementor-widget-container\">\n\t\t\t\t\t\t\t\t\t<ul><li><p>Int\u00e9r\u00eat marqu\u00e9 pour l\u2019agro\u00e9cologie, la r\u00e9g\u00e9n\u00e9ration des sols et la biodiversit\u00e9.<\/p><\/li><li><p>Esprit d\u2019\u00e9quipe et capacit\u00e9 \u00e0 s\u2019investir sur le long terme.<\/p><\/li><li><p>Bonne condition physique et sens des responsabilit\u00e9s.<\/p><\/li><li><p>Permis B souhait\u00e9 (Permis tracteur = un plus).<\/p><\/li><\/ul>\t\t\t\t\t\t\t\t<\/div>\n\t\t\t\t<\/div>\n\t\t\t\t<div class=\"elementor-element elementor-element-69ae840 elementor-widget elementor-widget-heading\" data-id=\"69ae840\" data-element_type=\"widget\" data-widget_type=\"heading.default\">\n\t\t\t\t<div class=\"elementor-widget-container\">\n\t\t\t\t\t<h5 class=\"elementor-heading-title elementor-size-default\">Vos conditions<\/h5>\t\t\t\t<\/div>\n\t\t\t\t<\/div>\n\t\t\t\t<div class=\"elementor-element elementor-element-e2dd5e6 elementor-widget elementor-widget-text-editor\" data-id=\"e2dd5e6\" data-element_type=\"widget\" data-widget_type=\"text-editor.default\">\n\t\t\t\t<div class=\"elementor-widget-container\">\n\t\t\t\t\t\t\t\t\t<ul><li><p>CDI \u2013 Temps plein.<\/p><\/li><li><p>Package salarial attractif, \u00e9volutif avec les responsabilit\u00e9s.<\/p><\/li><li><p>Logement possible sur place.<\/p><\/li><li><p>Travail diversifi\u00e9, en ext\u00e9rieur, dans une ferme innovante et engag\u00e9e.<\/p><\/li><\/ul>\t\t\t\t\t\t\t\t<\/div>\n\t\t\t\t<\/div>\n\t\t\t\t<div class=\"elementor-element elementor-element-686e78c elementor-widget elementor-widget-heading\" data-id=\"686e78c\" data-element_type=\"widget\" data-widget_type=\"heading.default\">\n\t\t\t\t<div class=\"elementor-widget-container\">\n\t\t\t\t\t<h5 class=\"elementor-heading-title elementor-size-default\">Pour postuler<\/h5>\t\t\t\t<\/div>\n\t\t\t\t<\/div>\n\t\t\t\t<div class=\"elementor-element elementor-element-3837a42 elementor-widget elementor-widget-text-editor\" data-id=\"3837a42\" data-element_type=\"widget\" data-widget_type=\"text-editor.default\">\n\t\t\t\t<div class=\"elementor-widget-container\">\n\t\t\t\t\t\t\t\t\t<ul><li><p>job@petitbomal.be<\/p><\/li><li><p>+32.483.605.203<\/p><\/li><\/ul>\t\t\t\t\t\t\t\t<\/div>\n\t\t\t\t<\/div>\n\t\t\t\t<div class=\"elementor-element elementor-element-d5a5654 elementor-widget elementor-widget-image\" data-id=\"d5a5654\" data-element_type=\"widget\" data-widget_type=\"image.default\">\n\t\t\t\t<div class=\"elementor-widget-container\">\n\t\t\t\t\t\t\t\t\t\t\t\t\t\t\t<img fetchpriority=\"high\" decoding=\"async\" width=\"2560\" height=\"1920\" src=\"https:\/\/petitbomal.be\/wp-content\/uploads\/2024\/04\/IMG_0802-scaled.jpg\" class=\"attachment-full size-full wp-image-2141\" alt=\"\" srcset=\"https:\/\/petitbomal.be\/wp-content\/uploads\/2024\/04\/IMG_0802-scaled.jpg 2560w, https:\/\/petitbomal.be\/wp-content\/uploads\/2024\/04\/IMG_0802-300x225.jpg 300w, https:\/\/petitbomal.be\/wp-content\/uploads\/2024\/04\/IMG_0802-1024x768.jpg 1024w, https:\/\/petitbomal.be\/wp-content\/uploads\/2024\/04\/IMG_0802-768x576.jpg 768w, https:\/\/petitbomal.be\/wp-content\/uploads\/2024\/04\/IMG_0802-1536x1152.jpg 1536w, https:\/\/petitbomal.be\/wp-content\/uploads\/2024\/04\/IMG_0802-2048x1536.jpg 2048w, https:\/\/petitbomal.be\/wp-content\/uploads\/2024\/04\/IMG_0802-600x450.jpg 600w\" sizes=\"(max-width: 2560px) 100vw, 2560px\" \/>\t\t\t\t\t\t\t\t\t\t\t\t\t\t\t<\/div>\n\t\t\t\t<\/div>\n\t\t\t\t\t<\/div>\n\t\t\t\t<\/div>\n\t\t\t\t\t<\/div>\n\t\t\t\t<\/div>\n\t\t\t\t<\/div>\n\t\t","protected":false},"excerpt":{"rendered":"<p>rejoins l&rsquo;\u00e9quipe d&rsquo;une ferme agro-\u00e9cologique charg\u00e9(e) de projet agricole La Ferme de Petit-Bomal (Durbuy) ouvre ses portes \u00e0 une personne motiv\u00e9e pour participer \u00e0 un projet agricole vivant, diversifi\u00e9 et porteur de sens. Nous cherchons un collaborateur ou une collaboratrice qui partage nos valeurs : respect du vivant, production locale, agro\u00e9cologie et pr\u00e9servation de la [&hellip;]<\/p>\n","protected":false},"author":1,"featured_media":0,"parent":0,"menu_order":0,"comment_status":"closed","ping_status":"closed","template":"","meta":{"footnotes":""},"class_list":["post-2777","page","type-page","status-publish","hentry"],"jetpack_sharing_enabled":true,"_links":{"self":[{"href":"https:\/\/petitbomal.be\/index.php\/wp-json\/wp\/v2\/pages\/2777","targetHints":{"allow":["GET"]}}],"collection":[{"href":"https:\/\/petitbomal.be\/index.php\/wp-json\/wp\/v2\/pages"}],"about":[{"href":"https:\/\/petitbomal.be\/index.php\/wp-json\/wp\/v2\/types\/page"}],"author":[{"embeddable":true,"href":"https:\/\/petitbomal.be\/index.php\/wp-json\/wp\/v2\/users\/1"}],"replies":[{"embeddable":true,"href":"https:\/\/petitbomal.be\/index.php\/wp-json\/wp\/v2\/comments?post=2777"}],"version-history":[{"count":13,"href":"https:\/\/petitbomal.be\/index.php\/wp-json\/wp\/v2\/pages\/2777\/revisions"}],"predecessor-version":[{"id":2792,"href":"https:\/\/petitbomal.be\/index.php\/wp-json\/wp\/v2\/pages\/2777\/revisions\/2792"}],"wp:attachment":[{"href":"https:\/\/petitbomal.be\/index.php\/wp-json\/wp\/v2\/media?parent=2777"}],"curies":[{"name":"wp","href":"https:\/\/api.w.org\/{rel}","templated":true}]}}