{"id":500,"date":"2024-01-30T10:35:42","date_gmt":"2024-01-30T09:35:42","guid":{"rendered":"https:\/\/petitbomal.be\/?page_id=500"},"modified":"2024-11-29T08:56:00","modified_gmt":"2024-11-29T07:56:00","slug":"les-activites","status":"publish","type":"page","link":"https:\/\/petitbomal.be\/index.php\/les-activites\/","title":{"rendered":"Les Activit\u00e9s"},"content":{"rendered":"\t\t<div data-elementor-type=\"wp-page\" data-elementor-id=\"500\" class=\"elementor elementor-500\" data-elementor-post-type=\"page\">\n\t\t\t\t<div class=\"elementor-element elementor-element-4d617e27 e-con-full e-flex e-con e-parent\" data-id=\"4d617e27\" data-element_type=\"container\" data-settings=\"{&quot;background_background&quot;:&quot;classic&quot;}\">\n\t\t\t\t<\/div>\n\t\t<div class=\"elementor-element elementor-element-3cfc0467 e-flex e-con-boxed e-con e-parent\" data-id=\"3cfc0467\" data-element_type=\"container\" data-settings=\"{&quot;background_background&quot;:&quot;classic&quot;}\">\n\t\t\t\t\t<div class=\"e-con-inner\">\n\t\t<div class=\"elementor-element elementor-element-8b363bc e-con-full e-flex e-con e-child\" data-id=\"8b363bc\" data-element_type=\"container\">\n\t\t\t\t<div class=\"elementor-element elementor-element-0ea5e90 elementor-widget elementor-widget-heading\" data-id=\"0ea5e90\" data-element_type=\"widget\" data-widget_type=\"heading.default\">\n\t\t\t\t<div class=\"elementor-widget-container\">\n\t\t\t\t\t<h1 class=\"elementor-heading-title elementor-size-default\">d\u00e9couvrez la r\u00e9gion<\/h1>\t\t\t\t<\/div>\n\t\t\t\t<\/div>\n\t\t\t\t<div class=\"elementor-element elementor-element-0ad5951 elementor-widget elementor-widget-heading\" data-id=\"0ad5951\" data-element_type=\"widget\" data-widget_type=\"heading.default\">\n\t\t\t\t<div class=\"elementor-widget-container\">\n\t\t\t\t\t<h2 class=\"elementor-heading-title elementor-size-default\">hors des sentiers battus<\/h2>\t\t\t\t<\/div>\n\t\t\t\t<\/div>\n\t\t\t\t<\/div>\n\t\t\t\t\t<\/div>\n\t\t\t\t<\/div>\n\t\t<div class=\"elementor-element elementor-element-24ccc70 e-flex e-con-boxed e-con e-parent\" data-id=\"24ccc70\" data-element_type=\"container\" data-settings=\"{&quot;background_background&quot;:&quot;classic&quot;}\">\n\t\t\t\t\t<div class=\"e-con-inner\">\n\t\t<div class=\"elementor-element elementor-element-3c63268 e-con-full e-flex e-con e-child\" data-id=\"3c63268\" data-element_type=\"container\">\n\t\t\t\t<div class=\"elementor-element elementor-element-5569469 elementor-cta--skin-cover elementor-widget elementor-widget-call-to-action\" data-id=\"5569469\" data-element_type=\"widget\" data-widget_type=\"call-to-action.default\">\n\t\t\t\t<div class=\"elementor-widget-container\">\n\t\t\t\t\t\t\t<a class=\"elementor-cta\" href=\"https:\/\/beauxvillages.be\/decouvertes\/chateau-fort-de-logne\/\">\n\t\t\t\t\t<div class=\"elementor-cta__bg-wrapper\">\n\t\t\t\t<div class=\"elementor-cta__bg elementor-bg\" style=\"background-image: url(https:\/\/petitbomal.be\/wp-content\/uploads\/2024\/03\/maxresdefault-768x432.jpg);\" role=\"img\" aria-label=\"maxresdefault\"><\/div>\n\t\t\t\t<div class=\"elementor-cta__bg-overlay\"><\/div>\n\t\t\t<\/div>\n\t\t\t\t\t\t\t<div class=\"elementor-cta__content\">\n\t\t\t\t\n\t\t\t\t\t\t\t\t\t<h2 class=\"elementor-cta__title elementor-cta__content-item elementor-content-item\">\n\t\t\t\t\t\tpatrimoine & histoire\t\t\t\t\t<\/h2>\n\t\t\t\t\n\t\t\t\t\t\t\t\t\t<div class=\"elementor-cta__description elementor-cta__content-item elementor-content-item\">\n\t\t\t\t\t\tchateau fort de logne\t\t\t\t\t<\/div>\n\t\t\t\t\n\t\t\t\t\t\t\t<\/div>\n\t\t\t\t\t\t<\/a>\n\t\t\t\t\t\t<\/div>\n\t\t\t\t<\/div>\n\t\t\t\t<\/div>\n\t\t<div class=\"elementor-element elementor-element-90e093f e-con-full e-flex e-con e-child\" data-id=\"90e093f\" data-element_type=\"container\">\n\t\t\t\t<div class=\"elementor-element elementor-element-33202be elementor-cta--skin-cover elementor-widget elementor-widget-call-to-action\" data-id=\"33202be\" data-element_type=\"widget\" data-widget_type=\"call-to-action.default\">\n\t\t\t\t<div class=\"elementor-widget-container\">\n\t\t\t\t\t\t\t<a class=\"elementor-cta\" href=\"https:\/\/www.palogne.be\/location-de-kayak-sur-lourthe\/\">\n\t\t\t\t\t<div class=\"elementor-cta__bg-wrapper\">\n\t\t\t\t<div class=\"elementor-cta__bg elementor-bg\" style=\"background-image: url(https:\/\/petitbomal.be\/wp-content\/uploads\/2024\/03\/VEJ47QFGBRDMXK2LBLGRFSYFOY-768x512.jpg);\" role=\"img\" aria-label=\"VEJ47QFGBRDMXK2LBLGRFSYFOY\"><\/div>\n\t\t\t\t<div class=\"elementor-cta__bg-overlay\"><\/div>\n\t\t\t<\/div>\n\t\t\t\t\t\t\t<div class=\"elementor-cta__content\">\n\t\t\t\t\n\t\t\t\t\t\t\t\t\t<h2 class=\"elementor-cta__title elementor-cta__content-item elementor-content-item\">\n\t\t\t\t\t\tkayak, rando & plaine de jeu\t\t\t\t\t<\/h2>\n\t\t\t\t\n\t\t\t\t\t\t\t\t\t<div class=\"elementor-cta__description elementor-cta__content-item elementor-content-item\">\n\t\t\t\t\t\tDomaine de palogne\t\t\t\t\t<\/div>\n\t\t\t\t\n\t\t\t\t\t\t\t<\/div>\n\t\t\t\t\t\t<\/a>\n\t\t\t\t\t\t<\/div>\n\t\t\t\t<\/div>\n\t\t\t\t<\/div>\n\t\t\t\t\t<\/div>\n\t\t\t\t<\/div>\n\t\t<div class=\"elementor-element elementor-element-cb99c6f e-flex e-con-boxed e-con e-parent\" data-id=\"cb99c6f\" data-element_type=\"container\" data-settings=\"{&quot;background_background&quot;:&quot;classic&quot;}\">\n\t\t\t\t\t<div class=\"e-con-inner\">\n\t\t<div class=\"elementor-element elementor-element-d985c28 e-con-full e-flex e-con e-child\" data-id=\"d985c28\" data-element_type=\"container\">\n\t\t\t\t<div class=\"elementor-element elementor-element-09b2ba3 elementor-cta--skin-cover elementor-widget elementor-widget-call-to-action\" data-id=\"09b2ba3\" data-element_type=\"widget\" data-widget_type=\"call-to-action.default\">\n\t\t\t\t<div class=\"elementor-widget-container\">\n\t\t\t\t\t\t\t<a class=\"elementor-cta\" href=\"https:\/\/visitwallonia.be\/fr-be\/3\/ou-aller\/villes-wallonnes\/durbuy\/incontournables\">\n\t\t\t\t\t<div class=\"elementor-cta__bg-wrapper\">\n\t\t\t\t<div class=\"elementor-cta__bg elementor-bg\" style=\"background-image: url(https:\/\/petitbomal.be\/wp-content\/uploads\/2024\/03\/Capture-decran-2024-03-27-a-14.19.09-768x510.png);\" role=\"img\" aria-label=\"Capture d\u2019e\u0301cran 2024-03-27 a\u0300 14.19.09\"><\/div>\n\t\t\t\t<div class=\"elementor-cta__bg-overlay\"><\/div>\n\t\t\t<\/div>\n\t\t\t\t\t\t\t<div class=\"elementor-cta__content\">\n\t\t\t\t\n\t\t\t\t\t\t\t\t\t<h2 class=\"elementor-cta__title elementor-cta__content-item elementor-content-item\">\n\t\t\t\t\t\tLa plus petite ville du monde\t\t\t\t\t<\/h2>\n\t\t\t\t\n\t\t\t\t\t\t\t\t\t<div class=\"elementor-cta__description elementor-cta__content-item elementor-content-item\">\n\t\t\t\t\t\tDurbuy\t\t\t\t\t<\/div>\n\t\t\t\t\n\t\t\t\t\t\t\t<\/div>\n\t\t\t\t\t\t<\/a>\n\t\t\t\t\t\t<\/div>\n\t\t\t\t<\/div>\n\t\t\t\t<\/div>\n\t\t<div class=\"elementor-element elementor-element-e0fcee6 e-con-full e-flex e-con e-child\" data-id=\"e0fcee6\" data-element_type=\"container\">\n\t\t\t\t<div class=\"elementor-element elementor-element-8b8146c elementor-cta--skin-cover elementor-widget elementor-widget-call-to-action\" data-id=\"8b8146c\" data-element_type=\"widget\" data-widget_type=\"call-to-action.default\">\n\t\t\t\t<div class=\"elementor-widget-container\">\n\t\t\t\t\t\t\t<a class=\"elementor-cta\" href=\"https:\/\/www.funtrail.be\/\">\n\t\t\t\t\t<div class=\"elementor-cta__bg-wrapper\">\n\t\t\t\t<div class=\"elementor-cta__bg elementor-bg\" style=\"background-image: url(https:\/\/petitbomal.be\/wp-content\/uploads\/2024\/01\/caption-768x632.jpeg);\" role=\"img\" aria-label=\"caption\"><\/div>\n\t\t\t\t<div class=\"elementor-cta__bg-overlay\"><\/div>\n\t\t\t<\/div>\n\t\t\t\t\t\t\t<div class=\"elementor-cta__content\">\n\t\t\t\t\n\t\t\t\t\t\t\t\t\t<h2 class=\"elementor-cta__title elementor-cta__content-item elementor-content-item\">\n\t\t\t\t\t\tAventure & sensations\t\t\t\t\t<\/h2>\n\t\t\t\t\n\t\t\t\t\t\t\t\t\t<div class=\"elementor-cta__description elementor-cta__content-item elementor-content-item\">\n\t\t\t\t\t\tFuntrail trotinette\t\t\t\t\t<\/div>\n\t\t\t\t\n\t\t\t\t\t\t\t<\/div>\n\t\t\t\t\t\t<\/a>\n\t\t\t\t\t\t<\/div>\n\t\t\t\t<\/div>\n\t\t\t\t<\/div>\n\t\t\t\t\t<\/div>\n\t\t\t\t<\/div>\n\t\t<div class=\"elementor-element elementor-element-1eb6e5f e-flex e-con-boxed e-con e-parent\" data-id=\"1eb6e5f\" data-element_type=\"container\" data-settings=\"{&quot;background_background&quot;:&quot;classic&quot;}\">\n\t\t\t\t\t<div class=\"e-con-inner\">\n\t\t<div class=\"elementor-element elementor-element-da99cfe e-con-full e-flex e-con e-child\" data-id=\"da99cfe\" data-element_type=\"container\">\n\t\t\t\t<div class=\"elementor-element elementor-element-87fbbc8 elementor-cta--skin-cover elementor-widget elementor-widget-call-to-action\" data-id=\"87fbbc8\" data-element_type=\"widget\" data-widget_type=\"call-to-action.default\">\n\t\t\t\t<div class=\"elementor-widget-container\">\n\t\t\t\t\t\t\t<a class=\"elementor-cta\" href=\"https:\/\/visitwallonia.be\/fr-be\/content\/le-parc-des-topiaires-un-jardin-insolite-durbuy\">\n\t\t\t\t\t<div class=\"elementor-cta__bg-wrapper\">\n\t\t\t\t<div class=\"elementor-cta__bg elementor-bg\" style=\"background-image: url(https:\/\/petitbomal.be\/wp-content\/uploads\/2024\/01\/13044-768x514.jpeg);\" role=\"img\" aria-label=\"13044\"><\/div>\n\t\t\t\t<div class=\"elementor-cta__bg-overlay\"><\/div>\n\t\t\t<\/div>\n\t\t\t\t\t\t\t<div class=\"elementor-cta__content\">\n\t\t\t\t\n\t\t\t\t\t\t\t\t\t<h2 class=\"elementor-cta__title elementor-cta__content-item elementor-content-item\">\n\t\t\t\t\t\tcuriosit\u00e9s & balades\t\t\t\t\t<\/h2>\n\t\t\t\t\n\t\t\t\t\t\t\t\t\t<div class=\"elementor-cta__description elementor-cta__content-item elementor-content-item\">\n\t\t\t\t\t\tParc des topiaires\t\t\t\t\t<\/div>\n\t\t\t\t\n\t\t\t\t\t\t\t<\/div>\n\t\t\t\t\t\t<\/a>\n\t\t\t\t\t\t<\/div>\n\t\t\t\t<\/div>\n\t\t\t\t<\/div>\n\t\t<div class=\"elementor-element elementor-element-c591773 e-con-full e-flex e-con e-child\" data-id=\"c591773\" data-element_type=\"container\">\n\t\t\t\t<div class=\"elementor-element elementor-element-1c6b76b elementor-cta--skin-cover elementor-widget elementor-widget-call-to-action\" data-id=\"1c6b76b\" data-element_type=\"widget\" data-widget_type=\"call-to-action.default\">\n\t\t\t\t<div class=\"elementor-widget-container\">\n\t\t\t\t\t\t\t<a class=\"elementor-cta\" href=\"https:\/\/www.adventure-valley.be\/\">\n\t\t\t\t\t<div class=\"elementor-cta__bg-wrapper\">\n\t\t\t\t<div class=\"elementor-cta__bg elementor-bg\" style=\"background-image: url(https:\/\/petitbomal.be\/wp-content\/uploads\/2024\/01\/adventure_Valley_julia_laffaille-3.jpeg);\" role=\"img\" aria-label=\"adventure_Valley_julia_laffaille (3)\"><\/div>\n\t\t\t\t<div class=\"elementor-cta__bg-overlay\"><\/div>\n\t\t\t<\/div>\n\t\t\t\t\t\t\t<div class=\"elementor-cta__content\">\n\t\t\t\t\n\t\t\t\t\t\t\t\t\t<h2 class=\"elementor-cta__title elementor-cta__content-item elementor-content-item\">\n\t\t\t\t\t\tAccro-branche, sp\u00e9l\u00e9o, tyrolienne\t\t\t\t\t<\/h2>\n\t\t\t\t\n\t\t\t\t\t\t\t\t\t<div class=\"elementor-cta__description elementor-cta__content-item elementor-content-item\">\n\t\t\t\t\t\tAdventure valley\t\t\t\t\t<\/div>\n\t\t\t\t\n\t\t\t\t\t\t\t<\/div>\n\t\t\t\t\t\t<\/a>\n\t\t\t\t\t\t<\/div>\n\t\t\t\t<\/div>\n\t\t\t\t<\/div>\n\t\t\t\t\t<\/div>\n\t\t\t\t<\/div>\n\t\t<div class=\"elementor-element elementor-element-ce77a89 e-flex e-con-boxed e-con e-parent\" data-id=\"ce77a89\" data-element_type=\"container\" data-settings=\"{&quot;background_background&quot;:&quot;classic&quot;}\">\n\t\t\t\t\t<div class=\"e-con-inner\">\n\t\t\t\t\t<\/div>\n\t\t\t\t<\/div>\n\t\t\t\t<\/div>\n\t\t","protected":false},"excerpt":{"rendered":"<p>d\u00e9couvrez la r\u00e9gion hors des sentiers battus patrimoine &#038; histoire chateau fort de logne kayak, rando &#038; plaine de jeu Domaine de palogne La plus petite ville du monde Durbuy Aventure &#038; sensations Funtrail trotinette curiosit\u00e9s &#038; balades Parc des topiaires Accro-branche, sp\u00e9l\u00e9o, tyrolienne Adventure valley<\/p>\n","protected":false},"author":1,"featured_media":0,"parent":0,"menu_order":0,"comment_status":"closed","ping_status":"closed","template":"","meta":{"footnotes":""},"class_list":["post-500","page","type-page","status-publish","hentry"],"jetpack_sharing_enabled":true,"_links":{"self":[{"href":"https:\/\/petitbomal.be\/index.php\/wp-json\/wp\/v2\/pages\/500","targetHints":{"allow":["GET"]}}],"collection":[{"href":"https:\/\/petitbomal.be\/index.php\/wp-json\/wp\/v2\/pages"}],"about":[{"href":"https:\/\/petitbomal.be\/index.php\/wp-json\/wp\/v2\/types\/page"}],"author":[{"embeddable":true,"href":"https:\/\/petitbomal.be\/index.php\/wp-json\/wp\/v2\/users\/1"}],"replies":[{"embeddable":true,"href":"https:\/\/petitbomal.be\/index.php\/wp-json\/wp\/v2\/comments?post=500"}],"version-history":[{"count":64,"href":"https:\/\/petitbomal.be\/index.php\/wp-json\/wp\/v2\/pages\/500\/revisions"}],"predecessor-version":[{"id":2674,"href":"https:\/\/petitbomal.be\/index.php\/wp-json\/wp\/v2\/pages\/500\/revisions\/2674"}],"wp:attachment":[{"href":"https:\/\/petitbomal.be\/index.php\/wp-json\/wp\/v2\/media?parent=500"}],"curies":[{"name":"wp","href":"https:\/\/api.w.org\/{rel}","templated":true}]}}