{"id":1284,"date":"2024-03-21T11:36:17","date_gmt":"2024-03-21T10:36:17","guid":{"rendered":"https:\/\/petitbomal.be\/?post_type=product&#038;p=1284"},"modified":"2024-05-07T21:01:04","modified_gmt":"2024-05-07T19:01:04","slug":"colis-boeuf-5kg","status":"publish","type":"product","link":"https:\/\/petitbomal.be\/index.php\/produit\/colis-boeuf-5kg\/","title":{"rendered":"Colis Boeuf 5KG &#8211; retrait 11\/05"},"content":{"rendered":"\t\t<div data-elementor-type=\"product-post\" data-elementor-id=\"1284\" class=\"elementor elementor-1284\" data-elementor-post-type=\"product\">\n\t\t\t\t<div class=\"elementor-element elementor-element-23362ff8 e-flex e-con-boxed e-con e-parent\" data-id=\"23362ff8\" data-element_type=\"container\" data-settings=\"{&quot;background_background&quot;:&quot;classic&quot;}\">\n\t\t\t\t\t<div class=\"e-con-inner\">\n\t\t\t\t\t<\/div>\n\t\t\t\t<\/div>\n\t\t<div class=\"elementor-element elementor-element-7fea7d51 e-flex e-con-boxed e-con e-parent\" data-id=\"7fea7d51\" data-element_type=\"container\" data-settings=\"{&quot;background_background&quot;:&quot;classic&quot;}\">\n\t\t\t\t\t<div class=\"e-con-inner\">\n\t\t<div class=\"elementor-element elementor-element-17319ea8 e-con-full e-flex e-con e-child\" data-id=\"17319ea8\" data-element_type=\"container\">\n\t\t\t\t<div class=\"elementor-element elementor-element-5e928bde yes elementor-widget elementor-widget-woocommerce-product-images\" data-id=\"5e928bde\" data-element_type=\"widget\" data-widget_type=\"woocommerce-product-images.default\">\n\t\t\t\t<div class=\"elementor-widget-container\">\n\t\t\t\t\t<div class=\"woocommerce-product-gallery woocommerce-product-gallery--with-images woocommerce-product-gallery--columns-4 images\" data-columns=\"4\" style=\"opacity: 0; transition: opacity .25s ease-in-out;\">\n\t<div class=\"woocommerce-product-gallery__wrapper\">\n\t\t<div data-thumb=\"https:\/\/petitbomal.be\/wp-content\/uploads\/2024\/03\/Capture-decran-2024-03-21-a-14.33.37-100x100.png\" data-thumb-alt=\"Colis Boeuf 5KG - retrait 11\/05\" data-thumb-srcset=\"https:\/\/petitbomal.be\/wp-content\/uploads\/2024\/03\/Capture-decran-2024-03-21-a-14.33.37-100x100.png 100w, https:\/\/petitbomal.be\/wp-content\/uploads\/2024\/03\/Capture-decran-2024-03-21-a-14.33.37-150x150.png 150w, https:\/\/petitbomal.be\/wp-content\/uploads\/2024\/03\/Capture-decran-2024-03-21-a-14.33.37-300x300.png 300w\"  data-thumb-sizes=\"(max-width: 100px) 100vw, 100px\" class=\"woocommerce-product-gallery__image\"><a href=\"https:\/\/petitbomal.be\/wp-content\/uploads\/2024\/03\/Capture-decran-2024-03-21-a-14.33.37.png\"><img fetchpriority=\"high\" decoding=\"async\" width=\"600\" height=\"388\" src=\"https:\/\/petitbomal.be\/wp-content\/uploads\/2024\/03\/Capture-decran-2024-03-21-a-14.33.37-600x388.png\" class=\"wp-post-image\" alt=\"Colis Boeuf 5KG - retrait 11\/05\" data-caption=\"\" data-src=\"https:\/\/petitbomal.be\/wp-content\/uploads\/2024\/03\/Capture-decran-2024-03-21-a-14.33.37.png\" data-large_image=\"https:\/\/petitbomal.be\/wp-content\/uploads\/2024\/03\/Capture-decran-2024-03-21-a-14.33.37.png\" data-large_image_width=\"1532\" data-large_image_height=\"990\" srcset=\"https:\/\/petitbomal.be\/wp-content\/uploads\/2024\/03\/Capture-decran-2024-03-21-a-14.33.37-600x388.png 600w, https:\/\/petitbomal.be\/wp-content\/uploads\/2024\/03\/Capture-decran-2024-03-21-a-14.33.37-300x194.png 300w, https:\/\/petitbomal.be\/wp-content\/uploads\/2024\/03\/Capture-decran-2024-03-21-a-14.33.37-1024x662.png 1024w, https:\/\/petitbomal.be\/wp-content\/uploads\/2024\/03\/Capture-decran-2024-03-21-a-14.33.37-768x496.png 768w, https:\/\/petitbomal.be\/wp-content\/uploads\/2024\/03\/Capture-decran-2024-03-21-a-14.33.37.png 1532w\" sizes=\"(max-width: 600px) 100vw, 600px\" \/><\/a><\/div>\t<\/div>\n<\/div>\n\t\t\t\t<\/div>\n\t\t\t\t<\/div>\n\t\t\t\t<\/div>\n\t\t<div class=\"elementor-element elementor-element-7792aab4 e-con-full e-flex e-con e-child\" data-id=\"7792aab4\" data-element_type=\"container\">\n\t\t\t\t<div class=\"elementor-element elementor-element-46b5eac1 elementor-widget elementor-widget-woocommerce-product-title elementor-page-title elementor-widget-heading\" data-id=\"46b5eac1\" data-element_type=\"widget\" data-widget_type=\"woocommerce-product-title.default\">\n\t\t\t\t<div class=\"elementor-widget-container\">\n\t\t\t\t\t<h1 class=\"product_title entry-title elementor-heading-title elementor-size-default\">Colis Boeuf 5KG &#8211; retrait 11\/05<\/h1>\t\t\t\t<\/div>\n\t\t\t\t<\/div>\n\t\t\t\t<div class=\"elementor-element elementor-element-391e2ccb elementor-widget elementor-widget-woocommerce-product-price\" data-id=\"391e2ccb\" data-element_type=\"widget\" data-widget_type=\"woocommerce-product-price.default\">\n\t\t\t\t<div class=\"elementor-widget-container\">\n\t\t\t\t\t<p class=\"price\"><span class=\"woocommerce-Price-amount amount\"><bdi><span class=\"woocommerce-Price-currencySymbol\">&euro;<\/span>&nbsp;120,00<\/bdi><\/span> <small class=\"woocommerce-price-suffix\">TVAC<\/small><\/p>\n\t\t\t\t<\/div>\n\t\t\t\t<\/div>\n\t\t\t\t<div class=\"elementor-element elementor-element-4721b311 elementor-widget elementor-widget-woocommerce-product-short-description\" data-id=\"4721b311\" data-element_type=\"widget\" data-widget_type=\"woocommerce-product-short-description.default\">\n\t\t\t\t<div class=\"elementor-widget-container\">\n\t\t\t\t\t<div class=\"woocommerce-product-details__short-description\">\n\t<p>Le colis comprend:<\/p>\n<ul>\n<li>Steaks<\/li>\n<li>Burger pur boeuf<\/li>\n<li>Carbonades<\/li>\n<li>Contre-filet<\/li>\n<li>Brochettes<\/li>\n<li>Hach\u00e9 pur boeuf<\/li>\n<\/ul>\n<\/div>\n\t\t\t\t<\/div>\n\t\t\t\t<\/div>\n\t\t\t\t<div class=\"elementor-element elementor-element-5ce65890 e-add-to-cart--show-quantity-yes elementor-widget elementor-widget-woocommerce-product-add-to-cart\" data-id=\"5ce65890\" data-element_type=\"widget\" data-widget_type=\"woocommerce-product-add-to-cart.default\">\n\t\t\t\t<div class=\"elementor-widget-container\">\n\t\t\t\t\t\n\t\t<div class=\"elementor-add-to-cart elementor-product-simple\">\n\t\t\t<p class=\"stock in-stock\">1 en stock<\/p>\n\n\t\n\t<form class=\"cart\" action=\"https:\/\/petitbomal.be\/index.php\/produit\/colis-boeuf-5kg\/\" method=\"post\" enctype='multipart\/form-data'>\n\t\t\n\t\t<div class=\"quantity\">\n\t\t<label class=\"screen-reader-text\" for=\"quantity_69df481f2e18b\">quantit\u00e9 de Colis Boeuf 5KG - retrait 11\/05<\/label>\n\t<input\n\t\ttype=\"hidden\"\n\t\t\t\tid=\"quantity_69df481f2e18b\"\n\t\tclass=\"input-text qty text\"\n\t\tname=\"quantity\"\n\t\tvalue=\"1\"\n\t\taria-label=\"Quantit\u00e9 de produits\"\n\t\t\t\tmin=\"1\"\n\t\tmax=\"1\"\n\t\t\t\t\tstep=\"1\"\n\t\t\tplaceholder=\"\"\n\t\t\tinputmode=\"numeric\"\n\t\t\tautocomplete=\"off\"\n\t\t\t\/>\n\t<\/div>\n\n\t\t<button type=\"submit\" name=\"add-to-cart\" value=\"1284\" class=\"single_add_to_cart_button button alt\">Ajouter au panier<\/button>\n\n\t\t\t<\/form>\n\n\t\n\t\t<\/div>\n\n\t\t\t\t\t\t<\/div>\n\t\t\t\t<\/div>\n\t\t\t\t<\/div>\n\t\t\t\t\t<\/div>\n\t\t\t\t<\/div>\n\t\t<div class=\"elementor-element elementor-element-523a1258 e-flex e-con-boxed e-con e-parent\" data-id=\"523a1258\" data-element_type=\"container\" data-settings=\"{&quot;background_background&quot;:&quot;classic&quot;}\">\n\t\t\t\t\t<div class=\"e-con-inner\">\n\t\t\t\t<div class=\"elementor-element elementor-element-7281919 elementor-widget elementor-widget-heading\" data-id=\"7281919\" data-element_type=\"widget\" data-widget_type=\"heading.default\">\n\t\t\t\t<div class=\"elementor-widget-container\">\n\t\t\t\t\t<h2 class=\"elementor-heading-title elementor-size-default\">Rien oubli\u00e9?<\/h2>\t\t\t\t<\/div>\n\t\t\t\t<\/div>\n\t\t\t\t<div class=\"elementor-element elementor-element-0b8288c elementor-grid-3 elementor-grid-tablet-3 elementor-grid-mobile-2 elementor-products-grid elementor-wc-products elementor-widget elementor-widget-woocommerce-products\" data-id=\"0b8288c\" data-element_type=\"widget\" data-widget_type=\"woocommerce-products.default\">\n\t\t\t\t<div class=\"elementor-widget-container\">\n\t\t\t\t\t<div class=\"woocommerce columns-3 \"><ul class=\"products elementor-grid columns-3\">\n<li class=\"product type-product post-1294 status-publish first outofstock product_cat-non-classe product_tag-boeuf product_tag-colis product_tag-viande has-post-thumbnail taxable shipping-taxable purchasable product-type-simple\">\n\t<a href=\"https:\/\/petitbomal.be\/index.php\/produit\/colis-boeuf-10kg\/\" class=\"woocommerce-LoopProduct-link woocommerce-loop-product__link\"><img decoding=\"async\" width=\"300\" height=\"300\" src=\"https:\/\/petitbomal.be\/wp-content\/uploads\/2024\/03\/Capture-decran-2024-03-21-a-14.34.26-300x300.png\" class=\"attachment-woocommerce_thumbnail size-woocommerce_thumbnail\" alt=\"\" srcset=\"https:\/\/petitbomal.be\/wp-content\/uploads\/2024\/03\/Capture-decran-2024-03-21-a-14.34.26-300x300.png 300w, https:\/\/petitbomal.be\/wp-content\/uploads\/2024\/03\/Capture-decran-2024-03-21-a-14.34.26-150x150.png 150w, https:\/\/petitbomal.be\/wp-content\/uploads\/2024\/03\/Capture-decran-2024-03-21-a-14.34.26-100x100.png 100w\" sizes=\"(max-width: 300px) 100vw, 300px\" \/><h2 class=\"woocommerce-loop-product__title\">Colis Boeuf 10KG &#8211; retrait 11\/05<\/h2>\n\t<span class=\"price\"><span class=\"woocommerce-Price-amount amount\"><bdi><span class=\"woocommerce-Price-currencySymbol\">&euro;<\/span>&nbsp;195,00<\/bdi><\/span> <small class=\"woocommerce-price-suffix\">TVAC<\/small><\/span>\n<\/a><a href=\"https:\/\/petitbomal.be\/index.php\/produit\/colis-boeuf-10kg\/\" aria-describedby=\"woocommerce_loop_add_to_cart_link_describedby_1294\" data-quantity=\"1\" class=\"button product_type_simple\" data-product_id=\"1294\" data-product_sku=\"\" aria-label=\"En savoir plus sur &ldquo;Colis Boeuf 10KG - retrait 11\/05&rdquo;\" rel=\"nofollow\" data-success_message=\"\">Lire la suite<\/a>\t<span id=\"woocommerce_loop_add_to_cart_link_describedby_1294\" class=\"screen-reader-text\">\n\t\t\t<\/span>\n<\/li>\n<li class=\"product type-product post-1284 status-publish instock product_cat-non-classe product_tag-boeuf product_tag-colis product_tag-viande has-post-thumbnail taxable shipping-taxable purchasable product-type-simple\">\n\t<a href=\"https:\/\/petitbomal.be\/index.php\/produit\/colis-boeuf-5kg\/\" class=\"woocommerce-LoopProduct-link woocommerce-loop-product__link\"><img decoding=\"async\" width=\"300\" height=\"300\" src=\"https:\/\/petitbomal.be\/wp-content\/uploads\/2024\/03\/Capture-decran-2024-03-21-a-14.33.37-300x300.png\" class=\"attachment-woocommerce_thumbnail size-woocommerce_thumbnail\" alt=\"\" srcset=\"https:\/\/petitbomal.be\/wp-content\/uploads\/2024\/03\/Capture-decran-2024-03-21-a-14.33.37-300x300.png 300w, https:\/\/petitbomal.be\/wp-content\/uploads\/2024\/03\/Capture-decran-2024-03-21-a-14.33.37-150x150.png 150w, https:\/\/petitbomal.be\/wp-content\/uploads\/2024\/03\/Capture-decran-2024-03-21-a-14.33.37-100x100.png 100w\" sizes=\"(max-width: 300px) 100vw, 300px\" \/><h2 class=\"woocommerce-loop-product__title\">Colis Boeuf 5KG &#8211; retrait 11\/05<\/h2>\n\t<span class=\"price\"><span class=\"woocommerce-Price-amount amount\"><bdi><span class=\"woocommerce-Price-currencySymbol\">&euro;<\/span>&nbsp;120,00<\/bdi><\/span> <small class=\"woocommerce-price-suffix\">TVAC<\/small><\/span>\n<\/a><a href=\"?add-to-cart=1284\" aria-describedby=\"woocommerce_loop_add_to_cart_link_describedby_1284\" data-quantity=\"1\" class=\"button product_type_simple add_to_cart_button ajax_add_to_cart\" data-product_id=\"1284\" data-product_sku=\"\" aria-label=\"Ajouter au panier\u00a0: &ldquo;Colis Boeuf 5KG - retrait 11\/05&rdquo;\" rel=\"nofollow\" data-success_message=\"\u00ab\u00a0Colis Boeuf 5KG - retrait 11\/05\u00a0\u00bb a \u00e9t\u00e9 ajout\u00e9 \u00e0 votre panier\">Ajouter au panier<\/a>\t<span id=\"woocommerce_loop_add_to_cart_link_describedby_1284\" class=\"screen-reader-text\">\n\t\t\t<\/span>\n<\/li>\n<\/ul>\n<\/div>\t\t\t\t<\/div>\n\t\t\t\t<\/div>\n\t\t\t\t<div class=\"elementor-element elementor-element-4a721dd0 elementor-widget elementor-widget-spacer\" data-id=\"4a721dd0\" data-element_type=\"widget\" data-widget_type=\"spacer.default\">\n\t\t\t\t<div class=\"elementor-widget-container\">\n\t\t\t\t\t\t\t<div class=\"elementor-spacer\">\n\t\t\t<div class=\"elementor-spacer-inner\"><\/div>\n\t\t<\/div>\n\t\t\t\t\t\t<\/div>\n\t\t\t\t<\/div>\n\t\t\t\t\t<\/div>\n\t\t\t\t<\/div>\n\t\t\t\t<\/div>\n\t\t","protected":false},"excerpt":{"rendered":"<p>Le colis comprend:<\/p>\n<ul>\n<li>Steaks<\/li>\n<li>Burger pur boeuf<\/li>\n<li>Carbonades<\/li>\n<li>Contre-filet<\/li>\n<li>Brochettes<\/li>\n<li>Hach\u00e9 pur boeuf<\/li>\n<\/ul>\n","protected":false},"featured_media":1320,"template":"","meta":[],"product_brand":[],"product_cat":[22],"product_tag":[30,31,32],"class_list":{"0":"post-1284","1":"product","2":"type-product","3":"status-publish","4":"has-post-thumbnail","6":"product_cat-non-classe","7":"product_tag-boeuf","8":"product_tag-colis","9":"product_tag-viande","11":"first","12":"instock","13":"taxable","14":"shipping-taxable","15":"purchasable","16":"product-type-simple"},"jetpack_sharing_enabled":true,"_links":{"self":[{"href":"https:\/\/petitbomal.be\/index.php\/wp-json\/wp\/v2\/product\/1284","targetHints":{"allow":["GET"]}}],"collection":[{"href":"https:\/\/petitbomal.be\/index.php\/wp-json\/wp\/v2\/product"}],"about":[{"href":"https:\/\/petitbomal.be\/index.php\/wp-json\/wp\/v2\/types\/product"}],"version-history":[{"count":23,"href":"https:\/\/petitbomal.be\/index.php\/wp-json\/wp\/v2\/product\/1284\/revisions"}],"predecessor-version":[{"id":2121,"href":"https:\/\/petitbomal.be\/index.php\/wp-json\/wp\/v2\/product\/1284\/revisions\/2121"}],"wp:featuredmedia":[{"embeddable":true,"href":"https:\/\/petitbomal.be\/index.php\/wp-json\/wp\/v2\/media\/1320"}],"wp:attachment":[{"href":"https:\/\/petitbomal.be\/index.php\/wp-json\/wp\/v2\/media?parent=1284"}],"wp:term":[{"taxonomy":"product_brand","embeddable":true,"href":"https:\/\/petitbomal.be\/index.php\/wp-json\/wp\/v2\/product_brand?post=1284"},{"taxonomy":"product_cat","embeddable":true,"href":"https:\/\/petitbomal.be\/index.php\/wp-json\/wp\/v2\/product_cat?post=1284"},{"taxonomy":"product_tag","embeddable":true,"href":"https:\/\/petitbomal.be\/index.php\/wp-json\/wp\/v2\/product_tag?post=1284"}],"curies":[{"name":"wp","href":"https:\/\/api.w.org\/{rel}","templated":true}]}}